{"id":315,"date":"2021-08-23T12:01:01","date_gmt":"2021-08-23T12:01:01","guid":{"rendered":"https:\/\/www.metaling-kramaric.hr\/naslovnica\/"},"modified":"2021-08-26T08:47:20","modified_gmt":"2021-08-26T08:47:20","slug":"naslovnica","status":"publish","type":"page","link":"https:\/\/www.metaling-kramaric.hr\/de\/","title":{"rendered":"Home"},"content":{"rendered":"<p>[vc_row full_width=&#8220;stretch_row&#8220; css=&#8220;.vc_custom_1629720713425{background-image: url(https:\/\/www.metaling-kramaric.hr\/wp-content\/uploads\/2021\/08\/metalurgija-home.jpg?id=13) !important;background-position: center !important;background-repeat: no-repeat !important;background-size: cover !important;}&#8220;][vc_column]<div class=\"cz_gap clr  hide_on_tablet hide_on_mobile\" style=\"height: 200px\"><\/div><div class=\"cz_gap show_on_tablet clr  show_only_tablet\" style=\"height: 150px\"><\/div><div class=\"cz_gap show_on_mobile clr\" style=\"height: 150px\"><\/div><div id=\"cz_50372\" class=\"cz_50372 cz_title clr cz_title_pos_inline\"><div class=\"cz_title_content\"><div class=\"cz_wpe_content\"><h1><span style=\"color: #ffffff;\">Metaling-<span class=\"red\">Kramari\u0107 d.o.o.<\/span><\/span><\/h1>\n<\/div><\/div><\/div><div class=\"cz_gap clr  hide_on_tablet hide_on_mobile\" style=\"height: 200px\"><\/div><div class=\"cz_gap show_on_tablet clr  show_only_tablet\" style=\"height: 150px\"><\/div><div class=\"cz_gap show_on_mobile clr\" style=\"height: 150px\"><\/div>[\/vc_column][\/vc_row][vc_row][vc_column]<div class=\"cz_gap clr  hide_on_tablet hide_on_mobile\" style=\"height: 75px\"><\/div><div class=\"cz_gap show_on_tablet clr  show_only_tablet\" style=\"height: 55px\"><\/div><div class=\"cz_gap show_on_mobile clr\" style=\"height: 35px\"><\/div>[\/vc_column][vc_column width=&#8220;1\/2&#8243;][vc_column_text]Metaling-Kramari\u0107 d.o.o. wurde 1990 gegr\u00fcndet.<\/p>\n<p>Wir besch\u00e4ftigen uns mit folgenden Produktionszweigen:<\/p>\n<ul>\n<li>Ausr\u00fcstung und Zubeh\u00f6r im Bau<\/li>\n<li>Industrie- und Werkstattst\u00fchle<\/li>\n<li>Metallzubeh\u00f6r<\/li>\n<li>M\u00f6belbeschl\u00e4ge<\/li>\n<\/ul>\n<p>Wir interessieren uns f\u00fcr die Zusammenarbeit mit in- und ausl\u00e4ndischen Wirtschaftsunternehmen.<\/p>\n<p>F\u00fcr weitere Informationen \u00fcber uns, die von uns angebotenen Produkte und Dienstleistungen \u00fcberpr\u00fcfen Sie unser Angebot und kontaktieren Sie uns vertrauensvoll.[\/vc_column_text][\/vc_column][vc_column width=&#8220;1\/2&#8243;]<div id=\"cz_70912\" class=\"cz_70912 cz_image clr cz_image_no_fx center_on_mobile\"><div class=\"\" ><div class=\"cz_image_in\"><div class=\"cz_main_image\"><img decoding=\"async\" width=\"600\" height=\"600\" src=\"data:image\/svg+xml,%3Csvg%20xmlns%3D&#39;http%3A%2F%2Fwww.w3.org%2F2000%2Fsvg&#39;%20width=&#39;600&#39;%20height=&#39;600&#39;%20viewBox%3D&#39;0%200%20600%20600&#39;%2F%3E\" data-czlz data-src=\"https:\/\/www.metaling-kramaric.hr\/wp-content\/uploads\/2021\/08\/home-onama.jpg\" class=\"attachment-full\" alt=\"\" title=\"home-onama\" data-srcset=\"https:\/\/www.metaling-kramaric.hr\/wp-content\/uploads\/2021\/08\/home-onama.jpg 600w, https:\/\/www.metaling-kramaric.hr\/wp-content\/uploads\/2021\/08\/home-onama-300x300.jpg 300w, https:\/\/www.metaling-kramaric.hr\/wp-content\/uploads\/2021\/08\/home-onama-150x150.jpg 150w\" data-sizes=\"(max-width: 600px) 100vw, 600px\" \/><\/div><\/div><\/div><\/div>[\/vc_column][vc_column]<div class=\"cz_gap clr  hide_on_tablet hide_on_mobile\" style=\"height: 75px\"><\/div><div class=\"cz_gap show_on_tablet clr  show_only_tablet\" style=\"height: 55px\"><\/div><div class=\"cz_gap show_on_mobile clr\" style=\"height: 35px\"><\/div>[\/vc_column][\/vc_row][vc_row][vc_column]<div id=\"cz_69775\" class=\"cz_69775 cz_title clr cz_title_ba_line cz_title_pos_center tac\"><div class=\"cz_title_content\"><div class=\"cz_wpe_content\"><h2 style=\"text-align: center;\">Getrennt vom Angebot<\/h2>\n<\/div><div class=\"cz_title_line cz_line_after_title\"><span>_<\/span><\/div><\/div><\/div>[\/vc_column][vc_column width=&#8220;1\/2&#8243;]<div id=\"cz_63042\" class=\"cz_63042 cz_title clr cz_title_pos_inline tac\"><div class=\"cz_title_content\"><div class=\"cz_wpe_content\"><h3 style=\"text-align: center;\">BROTOFENT\u00dcR<\/h3>\n<\/div><\/div><\/div><div class=\"cz_gap clr  hide_on_tablet hide_on_mobile\" style=\"height: 25px\"><\/div><div class=\"cz_gap show_on_tablet clr  show_only_tablet\" style=\"height: 25px\"><\/div><div class=\"cz_gap show_on_mobile clr\" style=\"height: 25px\"><\/div>[vc_row_inner][vc_column_inner width=&#8220;1\/2&#8243;]<div id=\"cz_71389\" class=\"cz_71389 cz_image clr cz_image_no_fx center_on_mobile\"><div class=\"\" ><div class=\"cz_image_in\"><div class=\"cz_main_image\"><img decoding=\"async\" width=\"450\" height=\"320\" src=\"data:image\/svg+xml,%3Csvg%20xmlns%3D&#39;http%3A%2F%2Fwww.w3.org%2F2000%2Fsvg&#39;%20width=&#39;450&#39;%20height=&#39;320&#39;%20viewBox%3D&#39;0%200%20450%20320&#39;%2F%3E\" data-czlz data-src=\"https:\/\/www.metaling-kramaric.hr\/wp-content\/uploads\/2021\/08\/MAGNOLIJA1.jpg\" class=\"attachment-full\" alt=\"\" title=\"MAGNOLIJA1\" data-srcset=\"https:\/\/www.metaling-kramaric.hr\/wp-content\/uploads\/2021\/08\/MAGNOLIJA1.jpg 450w, https:\/\/www.metaling-kramaric.hr\/wp-content\/uploads\/2021\/08\/MAGNOLIJA1-300x213.jpg 300w\" data-sizes=\"(max-width: 450px) 100vw, 450px\" \/><\/div><\/div><\/div><\/div>[vc_column_text]MAGNOLIE einzigen, dim 53\u00d730 cm[\/vc_column_text][\/vc_column_inner][vc_column_inner width=&#8220;1\/2&#8243;]<div id=\"cz_70861\" class=\"cz_70861 cz_image clr cz_image_no_fx center_on_mobile\"><div class=\"\" ><div class=\"cz_image_in\"><div class=\"cz_main_image\"><img decoding=\"async\" width=\"450\" height=\"320\" src=\"data:image\/svg+xml,%3Csvg%20xmlns%3D&#39;http%3A%2F%2Fwww.w3.org%2F2000%2Fsvg&#39;%20width=&#39;450&#39;%20height=&#39;320&#39;%20viewBox%3D&#39;0%200%20450%20320&#39;%2F%3E\" data-czlz data-src=\"https:\/\/www.metaling-kramaric.hr\/wp-content\/uploads\/2021\/08\/LUNA1.jpg\" class=\"attachment-full\" alt=\"\" title=\"LUNA1\" data-srcset=\"https:\/\/www.metaling-kramaric.hr\/wp-content\/uploads\/2021\/08\/LUNA1.jpg 450w, https:\/\/www.metaling-kramaric.hr\/wp-content\/uploads\/2021\/08\/LUNA1-300x213.jpg 300w\" data-sizes=\"(max-width: 450px) 100vw, 450px\" \/><\/div><\/div><\/div><\/div>[vc_column_text]LUNA Doppel-, dim 53\u00d730 cm[\/vc_column_text][\/vc_column_inner][\/vc_row_inner][vc_row_inner][vc_column_inner width=&#8220;1\/2&#8243;]<div id=\"cz_36760\" class=\"cz_36760 cz_image clr cz_image_no_fx center_on_mobile\"><div class=\"\" ><div class=\"cz_image_in\"><div class=\"cz_main_image\"><img decoding=\"async\" width=\"450\" height=\"320\" src=\"data:image\/svg+xml,%3Csvg%20xmlns%3D&#39;http%3A%2F%2Fwww.w3.org%2F2000%2Fsvg&#39;%20width=&#39;450&#39;%20height=&#39;320&#39;%20viewBox%3D&#39;0%200%20450%20320&#39;%2F%3E\" data-czlz data-src=\"https:\/\/www.metaling-kramaric.hr\/wp-content\/uploads\/2021\/08\/LARA1.jpg\" class=\"attachment-full\" alt=\"\" title=\"LARA1\" data-srcset=\"https:\/\/www.metaling-kramaric.hr\/wp-content\/uploads\/2021\/08\/LARA1.jpg 450w, https:\/\/www.metaling-kramaric.hr\/wp-content\/uploads\/2021\/08\/LARA1-300x213.jpg 300w\" data-sizes=\"(max-width: 450px) 100vw, 450px\" \/><\/div><\/div><\/div><\/div>[vc_column_text]SARA, einzigen 53\u00d730 cm[\/vc_column_text][\/vc_column_inner][vc_column_inner width=&#8220;1\/2&#8243;]<div id=\"cz_95552\" class=\"cz_95552 cz_image clr cz_image_no_fx center_on_mobile\"><div class=\"\" ><div class=\"cz_image_in\"><div class=\"cz_main_image\"><img decoding=\"async\" width=\"450\" height=\"320\" src=\"data:image\/svg+xml,%3Csvg%20xmlns%3D&#39;http%3A%2F%2Fwww.w3.org%2F2000%2Fsvg&#39;%20width=&#39;450&#39;%20height=&#39;320&#39;%20viewBox%3D&#39;0%200%20450%20320&#39;%2F%3E\" data-czlz data-src=\"https:\/\/www.metaling-kramaric.hr\/wp-content\/uploads\/2021\/08\/MONA1.jpg\" class=\"attachment-full\" alt=\"\" title=\"MONA1\" data-srcset=\"https:\/\/www.metaling-kramaric.hr\/wp-content\/uploads\/2021\/08\/MONA1.jpg 450w, https:\/\/www.metaling-kramaric.hr\/wp-content\/uploads\/2021\/08\/MONA1-300x213.jpg 300w\" data-sizes=\"(max-width: 450px) 100vw, 450px\" \/><\/div><\/div><\/div><\/div>[vc_column_text]MONA, einzigen 53\u00d730 cm[\/vc_column_text][\/vc_column_inner][\/vc_row_inner][\/vc_column][vc_column width=&#8220;1\/2&#8243;]<div id=\"cz_77373\" class=\"cz_77373 cz_title clr cz_title_pos_inline tac\"><div class=\"cz_title_content\"><div class=\"cz_wpe_content\"><h3 style=\"text-align: center;\">Kniestuhl<\/h3>\n<\/div><\/div><\/div><div class=\"cz_gap clr  hide_on_tablet hide_on_mobile\" style=\"height: 25px\"><\/div><div class=\"cz_gap show_on_tablet clr  show_only_tablet\" style=\"height: 25px\"><\/div><div class=\"cz_gap show_on_mobile clr\" style=\"height: 25px\"><\/div><div id=\"cz_86613\" class=\"cz_86613 cz_image clr cz_image_no_fx center_on_mobile\"><div class=\"\" ><div class=\"cz_image_in\"><div class=\"cz_main_image\"><img decoding=\"async\" class=\"\" src=\"data:image\/svg+xml,%3Csvg%20xmlns%3D&#39;http%3A%2F%2Fwww.w3.org%2F2000%2Fsvg&#39;%20width=&#39;385&#39;%20height=&#39;385&#39;%20viewBox%3D&#39;0%200%20385%20385&#39;%2F%3E\" data-czlz data-src=\"https:\/\/www.metaling-kramaric.hr\/wp-content\/uploads\/2021\/08\/stolac-klecalica01-b-385x385.jpg\" width=\"385\" height=\"385\" alt=\"OLYMPUS DIGITAL CAMERA\" title=\"OLYMPUS DIGITAL CAMERA\" \/><\/div><\/div><\/div><\/div>[\/vc_column][\/vc_row]<\/p>\n","protected":false},"excerpt":{"rendered":"<p>[vc_row full_width=&#8220;stretch_row&#8220; css=&#8220;.vc_custom_1629720713425{background-image: url(https:\/\/www.metaling-kramaric.hr\/wp-content\/uploads\/2021\/08\/metalurgija-home.jpg?id=13) !important;background-position: center !important;background-repeat: no-repeat !important;background-size: cover !important;}&#8220;][vc_column][\/vc_column][\/vc_row][vc_row][vc_column][\/vc_column][vc_column &#8230; <\/p>\n","protected":false},"author":1,"featured_media":0,"parent":0,"menu_order":0,"comment_status":"closed","ping_status":"closed","template":"","meta":{"footnotes":""},"class_list":["post-315","page","type-page","status-publish","hentry"],"_links":{"self":[{"href":"https:\/\/www.metaling-kramaric.hr\/de\/wp-json\/wp\/v2\/pages\/315","targetHints":{"allow":["GET"]}}],"collection":[{"href":"https:\/\/www.metaling-kramaric.hr\/de\/wp-json\/wp\/v2\/pages"}],"about":[{"href":"https:\/\/www.metaling-kramaric.hr\/de\/wp-json\/wp\/v2\/types\/page"}],"author":[{"embeddable":true,"href":"https:\/\/www.metaling-kramaric.hr\/de\/wp-json\/wp\/v2\/users\/1"}],"replies":[{"embeddable":true,"href":"https:\/\/www.metaling-kramaric.hr\/de\/wp-json\/wp\/v2\/comments?post=315"}],"version-history":[{"count":8,"href":"https:\/\/www.metaling-kramaric.hr\/de\/wp-json\/wp\/v2\/pages\/315\/revisions"}],"predecessor-version":[{"id":442,"href":"https:\/\/www.metaling-kramaric.hr\/de\/wp-json\/wp\/v2\/pages\/315\/revisions\/442"}],"wp:attachment":[{"href":"https:\/\/www.metaling-kramaric.hr\/de\/wp-json\/wp\/v2\/media?parent=315"}],"curies":[{"name":"wp","href":"https:\/\/api.w.org\/{rel}","templated":true}]}}